{"id":686,"date":"2025-10-22T07:58:14","date_gmt":"2025-10-22T07:58:14","guid":{"rendered":"https:\/\/connected.orgo.ee\/privaatsustingimused\/"},"modified":"2025-12-16T16:14:36","modified_gmt":"2025-12-16T16:14:36","slug":"privaatsustingimused","status":"publish","type":"page","link":"https:\/\/connected.orgo.ee\/en\/privaatsustingimused\/","title":{"rendered":"Privaatsustingimused \/ Privacy Policy"},"content":{"rendered":"\n<h2 class=\"wp-block-heading\"><strong>Privaatsusteated<\/strong><\/h2>\n\n\n\n<p>Connected O\u00dc&nbsp;on isikuandmete vastutav t\u00f6\u00f6tleja.<\/p>\n\n\n\n<p>J\u00e4rgnevalt selgitame, kuidas Teie kui andmesubjekti isikuandmete t\u00f6\u00f6tlemine toimub. Isikuandmete t\u00f6\u00f6tlemisel l\u00e4htume isikuandmete kaitse \u00fcldm\u00e4\u00e4rusest ja v\u00f5imalikest eriseadustest.<\/p>\n\n\n\n<p>Meie andmekaitsekontakt on:&nbsp;Marek Kullas&nbsp;(info@connected.ee)<\/p>\n\n\n\n<p><strong>I M\u00f5isted<\/strong><\/p>\n\n\n\n<p>Selleks, et privaatsusteated oleks Teile arusaadavad ja m\u00f5istetavad, selgitame Teile m\u00f5ningaid olulisemaid privaatsusteadetes kasutatud m\u00f5isteid:<\/p>\n\n\n\n<ol start=\"1\" class=\"wp-block-list\">\n<li>Andmesubjekt\u00a0&#8211; f\u00fc\u00fcsiline isik, kelle isikuandmeid\u00a0Connected O\u00dc\u00a0t\u00f6\u00f6tleb. Andmesubjektideks on:\u00a0Muu kontakt, Ettev\u00f5tte esindajad, Ettev\u00f5tte kontaktisikud, Koost\u00f6\u00f6partneri t\u00f6\u00f6tajad, Olemasolevad t\u00f6\u00f6tajad, Tarkvara kasutajad, Tegelikud kasusaajad<\/li>\n\n\n\n<li>Isikuandmed\u00a0&#8211; igasugune teave tuvastatud v\u00f5i tuvastatava f\u00fc\u00fcsilise isiku (\u201eandmesubjekti\u201c) kohta. Tuvastatav f\u00fc\u00fcsiline isik on isik, keda saab otseselt v\u00f5i kaudselt tuvastada, eelk\u00f5ige sellise identifitseerimistunnuse p\u00f5hjal nagu nimi, isikukood, asukohateave, v\u00f5rguidentifikaator v\u00f5i selle f\u00fc\u00fcsilise isiku \u00fche v\u00f5i mitme f\u00fc\u00fcsilise, f\u00fcsioloogilise, geneetilise, vaimse, majandusliku, kultuurilise v\u00f5i sotsiaalse tunnuse p\u00f5hjal.<\/li>\n\n\n\n<li>Vastutav t\u00f6\u00f6tleja\u00a0&#8211;\u00a0Connected O\u00dc\u00a0vastutava t\u00f6\u00f6tlejana m\u00e4\u00e4rab ise kindlaks isikuandmete t\u00f6\u00f6tlemise eesm\u00e4rgid ja vahendid. Kui sellise t\u00f6\u00f6tlemise eesm\u00e4rgid ja vahendid on kindlaks m\u00e4\u00e4ratud liidu v\u00f5i liikmesriigi \u00f5igusega, v\u00f5ib vastutava t\u00f6\u00f6tleja v\u00f5i tema m\u00e4\u00e4ramise konkreetsed kriteeriumid s\u00e4testada liidu v\u00f5i liikmesriigi \u00f5iguses.<\/li>\n\n\n\n<li>Kolmas isik\u00a0&#8211; f\u00fc\u00fcsiline v\u00f5i juriidiline isik, avaliku sektori asutus, amet v\u00f5i organ, v\u00e4lja arvatud andmesubjekt, vastutav t\u00f6\u00f6tleja, volitatud t\u00f6\u00f6tleja ja isikud, kes v\u00f5ivad isikuandmeid t\u00f6\u00f6delda vastutava t\u00f6\u00f6tleja v\u00f5i volitatud t\u00f6\u00f6tleja otseses alluvuses.<\/li>\n\n\n\n<li>Profiilianal\u00fc\u00fcs\u00a0&#8211; igasugune isikuandmete automatiseeritud t\u00f6\u00f6tlemine, mis h\u00f5lmab isikuandmete kasutamist f\u00fc\u00fcsilise isikuga seotud teatavate isiklike aspektide hindamiseks, eelk\u00f5ige selliste aspektide anal\u00fc\u00fcsimiseks v\u00f5i prognoosimiseks, mis on seotud asjaomase f\u00fc\u00fcsilise isiku t\u00f6\u00f6tulemuste, majandusliku olukorra, tervise, isiklike eelistuste, huvide, usaldusv\u00e4\u00e4rsuse, k\u00e4itumise, asukoha v\u00f5i liikumisega.<\/li>\n\n\n\n<li>Automaatsed otsused\u00a0&#8211; andmet\u00f6\u00f6tluss\u00fcsteemi poolt ilma andmesubjekti osaluseta otsuse tegemine, millega hinnatakse tema iseloomuomadusi, v\u00f5imeid v\u00f5i muid isiksuseomadusi, kui see toob andmesubjektile kaasa \u00f5iguslikke tagaj\u00e4rgi v\u00f5i m\u00f5jutab teda muul viisil m\u00e4rkimisv\u00e4\u00e4rselt.<\/li>\n\n\n\n<li>Koost\u00f6\u00f6partnerid\u00a0&#8211; f\u00fc\u00fcsilised v\u00f5i juriidilised isikud v\u00f5i ametiasutused, kellega koos\u00a0Connected O\u00dc\u00a0\u00e4ritegevuse raames isikuandmeid t\u00f6\u00f6tleb v\u00f5i kellele andmeid edastab. K\u00e4esoleva dokumendi kohaselt on koost\u00f6\u00f6partnerid nii isikuandmete vastuv\u00f5tjad, volitatud t\u00f6\u00f6tlejad kui kolmandad isikud.<\/li>\n\n\n\n<li>Isikuandmete vastuv\u00f5tja\u00a0&#8211; f\u00fc\u00fcsiline v\u00f5i juriidiline isik, kellele edastatakse isikuandmete t\u00f6\u00f6tlemise raames andmeid.<\/li>\n\n\n\n<li>Volitatud t\u00f6\u00f6tleja\u00a0&#8211; f\u00fc\u00fcsiline v\u00f5i juriidiline isik, kes on volitatud t\u00f6\u00f6tlema isikuandmeid\u00a0Connected O\u00dc\u00a0ehk vastutava t\u00f6\u00f6tleja nimel, l\u00e4htudes vastutava t\u00f6\u00f6tleja juhistest.<\/li>\n<\/ol>\n\n\n\n<p>Connected O\u00dc&nbsp;tagab isikuandmete t\u00f6\u00f6tlemise seaduslikkuse ja peab isikuandmete konfidentsiaalsena hoidmist ja isikuandmete kaitset v\u00e4ga oluliseks. Eesm\u00e4rk on tagada vastutustundlik ning andmesubjekti huvidest, \u00f5igustest ja vabadustest l\u00e4htuv isikuandmete t\u00f6\u00f6tlus.<\/p>\n\n\n\n<p>Connected O\u00dc&nbsp;t\u00f6\u00f6deldavate isikuandmete t\u00e4pne ulatus s\u00f5ltub sellest, millisel eesm\u00e4rgil isikuandmeid t\u00f6\u00f6deldakse. Isikuandmeid kogutakse \u00fcksnes kindlaks m\u00e4\u00e4ratud ning \u00f5igusp\u00e4rastel eesm\u00e4rkidel ning neid ei t\u00f6\u00f6delda hiljem viisil, mis on nende eesm\u00e4rkidega vastuolus.<\/p>\n\n\n\n<p>Allj\u00e4rgnevalt esitame vajaliku teabe Teie isikuandmete t\u00f6\u00f6tlemise eesm\u00e4rkide ja tegevuste kohta, l\u00e4htuvalt sellest, kas andmed on saadud Teilt v\u00f5i andmed on tekkinud Teie ja&nbsp;Connected O\u00dc&nbsp;ehk meievahelise koost\u00f6\u00f6 k\u00e4igus v\u00f5i saadud kolmandalt isikult.<\/p>\n\n\n\n<p>Connected O\u00dc&nbsp;s\u00e4ilitab isikuandmeid nii kaua, kuni neid on vaja t\u00f6\u00f6tlemise eesm\u00e4rgi saavutamiseks. Kui isikuandmeid soovitakse hoida kauem, kui see on kogumise eesm\u00e4rgist tulenevalt vajalik, anon\u00fcmiseeritakse isikuandmed selliselt, et Teie andmesubjektina ei ole enam tuvastatav.<\/p>\n\n\n\n<p><strong>II T\u00f6\u00f6tlemise tegevused Teilt saadud andmetega<\/strong><\/p>\n\n\n\n<p>Siinkohal anname Teile \u00fclevaate, millisteks eesm\u00e4rkideks ja tegevusteks&nbsp;Connected O\u00dc&nbsp;Teie isikuandmeid kogub, millisel \u00f5iguslikul alusel t\u00f6\u00f6tleb ning kaua andmeid s\u00e4ilitatakse. Samuti toome v\u00e4lja, kas isikuandmete esitamine on vabatahtlik, \u00f5igusaktist v\u00f5i lepingust tulenev kohustus v\u00f5i lepingu s\u00f5lmimiseks vajalik n\u00f5ue ning milline on andmete esitamata j\u00e4tmise tagaj\u00e4rg.<\/p>\n\n\n\n<p><strong>Tegevused<\/strong><\/p>\n\n\n\n<figure class=\"wp-block-table\"><table class=\"has-fixed-layout\"><thead><tr><td><strong>Tegevus<\/strong><\/td><td><strong>Eesm\u00e4rk<\/strong><\/td><td><strong>\u00d5iguslik alus<\/strong><\/td><td><strong>Andmete esitamise alus<\/strong><\/td><td><strong>Andmete esitamata j\u00e4tmise tagaj\u00e4rg<\/strong><\/td><td><strong>S\u00e4ilitust\u00e4htaeg<\/strong><\/td><\/tr><\/thead><tbody><tr><td>Andmekaitsen\u00f5uete t\u00e4itmine (p\u00e4ringutele vastamine, intsidentide lahendamine)<\/td><td>Isikute kaitse<\/td><td>Seadusest tuleneva kohustuse t\u00e4itmine<\/td><td>Vabatahtlik<\/td><td>Andmekaitsen\u00f5uete t\u00e4itmine v\u00f5ib olla takistatud<\/td><td>3 aastat vastamisest; 3 aastat intsidendi registreerimisest<\/td><\/tr><tr><td>Arveldus<\/td><td>Finantstoimingud<\/td><td>Lepingu s\u00f5lmimiseks vajalik andmet\u00f6\u00f6tlus andmesubjekti taotlusel ja lepingu t\u00e4itmine<\/td><td>Lepingust tulenev kohustus<\/td><td>Lepingu rikkumine<\/td><td>7 aastat majandustehingu kirjendamisest<\/td><\/tr><tr><td>Esindus\u00f5iguse kontrollimine<\/td><td>Ettev\u00f5tte huvide kaitse<\/td><td>\u00d5igustatud huvi (Ettev\u00f5tte krediidiriski maandamine, Pettuste ennetamine)<\/td><td>Lepingu s\u00f5lmimiseks vajalik n\u00f5ue<\/td><td>Lepingut ei s\u00f5lmita; Teenindamine v\u00f5ib olla takistatud<\/td><td>Andmeid ei s\u00e4ilitata<\/td><\/tr><tr><td>Hinnapakkumiste saatmine<\/td><td>M\u00fc\u00fck<\/td><td>\u00d5igustatud huvi (Ettev\u00f5tte k\u00e4ibe kasvatamine)<\/td><td>Vabatahtlik<\/td><td>M\u00fc\u00fcgipakkumise edastamata j\u00e4tmine<\/td><td>5 aastat, 1 kuu pakkumise tegemisest<\/td><\/tr><tr><td>Hinnap\u00e4ringutele vastamine<\/td><td>M\u00fc\u00fck<\/td><td>\u00d5igustatud huvi (Ettev\u00f5tte k\u00e4ibe kasvatamine)<\/td><td>Vabatahtlik<\/td><td>M\u00fc\u00fcgipakkumise edastamata j\u00e4tmine<\/td><td>1 kuu vastamisest<\/td><\/tr><tr><td>Kliendiks registreerimine<\/td><td>Teenuse osutamine<\/td><td>Lepingu s\u00f5lmimiseks vajalik andmet\u00f6\u00f6tlus andmesubjekti taotlusel ja lepingu t\u00e4itmine<\/td><td>Vabatahtlik<\/td><td>Teenuse mitteosutamine<\/td><td>3 aastat, 6 kuud lepingu l\u00f5petamisest<\/td><\/tr><tr><td>Kliendip\u00f6\u00f6rdumistele vastamine<\/td><td>Klienditeenindus<\/td><td>Lepingu s\u00f5lmimiseks vajalik andmet\u00f6\u00f6tlus andmesubjekti taotlusel ja lepingu t\u00e4itmine<\/td><td>Vabatahtlik<\/td><td>Teenindamine v\u00f5ib olla takistatud<\/td><td>5 aastat, 6 kuud vastamisest<\/td><\/tr><tr><td>Lepingueelsed l\u00e4bir\u00e4\u00e4kimised<\/td><td>M\u00fc\u00fck<\/td><td>\u00d5igustatud huvi (Ettev\u00f5tte k\u00e4ibe kasvatamine)<\/td><td>Vabatahtlik<\/td><td>Lepingut ei s\u00f5lmita<\/td><td>5 aastat, 6 kuud l\u00e4bir\u00e4\u00e4kimiste l\u00f5ppemisest<\/td><\/tr><tr><td>Lepingute haldamine<\/td><td>Ettev\u00f5tte huvide kaitse<\/td><td>\u00d5igustatud huvi (Ettev\u00f5tte \u00f5iguste kaitse)<\/td><td>Vabatahtlik<\/td><td>Lepingut ei s\u00f5lmita<\/td><td>3 aastat, 6 kuud lepingu l\u00f5petamisest<\/td><\/tr><tr><td>M\u00fc\u00fcgik\u00f5nede tegemine<\/td><td>M\u00fc\u00fck<\/td><td>\u00d5igustatud huvi (Ettev\u00f5tte k\u00e4ibe kasvatamine)<\/td><td>Vabatahtlik<\/td><td>M\u00fc\u00fcgipakkumise edastamata j\u00e4tmine<\/td><td>Andmeid ei s\u00e4ilitata<\/td><\/tr><tr><td>Teenuse aktiveerimine<\/td><td>Teenuse osutamine<\/td><td>Lepingu s\u00f5lmimiseks vajalik andmet\u00f6\u00f6tlus andmesubjekti taotlusel ja lepingu t\u00e4itmine<\/td><td>Vabatahtlik<\/td><td>Teenuse mitteosutamine<\/td><td>3 aastat, 6 kuud lepingu l\u00f5petamisest<\/td><\/tr><\/tbody><\/table><\/figure>\n\n\n\n<p>\u00d5igustatud huvi anal\u00fc\u00fcsidega on v\u00f5imalik tutvuda esitades vastavasisulise p\u00e4ringu:&nbsp;<a href=\"mailto:info@connected.ee\">info@connected.ee<\/a><\/p>\n\n\n\n<p><strong>III T\u00f6\u00f6tlemise tegevused andmetega, mis on tekkinud meie vahelise koost\u00f6\u00f6 k\u00e4igus v\u00f5i millised oleme saanud kolmandalt isikult<\/strong><\/p>\n\n\n\n<p>Lisaks sellele, et esitate ise meile enda kohta andmeid, tekivad andmed Teie kohta ka meievahelise koost\u00f6\u00f6 k\u00e4igus ning hoiame Teie andmeid meie poolt kasutatavates s\u00fcsteemides. Samuti saame Teie kohta andmeid kolmandatelt isikutelt.<\/p>\n\n\n\n<p>Siinkohal annab&nbsp;Connected O\u00dc&nbsp;Teile \u00fclevaate, millisteks eesm\u00e4rkideks ja tegevusteks ning millisel \u00f5iguslikul alusel t\u00f6\u00f6tleme Teie isikuandmeid, mis on tekkinud meievahelise koost\u00f6\u00f6 k\u00e4igus v\u00f5i mille oleme saanud kolmandalt isikult. Lisaks toome v\u00e4lja, milliseid isikuandmete liike t\u00f6\u00f6tleme ja kaua andmeid s\u00e4ilitame.<\/p>\n\n\n\n<p><strong>Tegevused<\/strong><\/p>\n\n\n\n<figure class=\"wp-block-table\"><table class=\"has-fixed-layout\"><thead><tr><td><strong>Tegevus<\/strong><\/td><td><strong>Eesm\u00e4rk<\/strong><\/td><td><strong>\u00d5iguslik alus<\/strong><\/td><td><strong>Isikuandmete liigid ja allikad<\/strong><\/td><td><strong>S\u00e4ilitust\u00e4htaeg<\/strong><\/td><\/tr><\/thead><tbody><tr><td>Ametiasutuste p\u00e4ringutele vastamine<\/td><td>Andmete v\u00e4ljastamine ametiasutustele<\/td><td>Seadusest tuleneva kohustuse t\u00e4itmine<\/td><td>Ees- ja perekonnanimi (S\u00fcsteem); Isikukood (S\u00fcsteem); P\u00e4ringu vastus (S\u00fcsteem)<\/td><td>Andmeid ei s\u00e4ilitata<\/td><\/tr><tr><td>Andmekaitsen\u00f5uete t\u00e4itmine (p\u00e4ringutele vastamine, intsidentide lahendamine)<\/td><td>Isikute kaitse<\/td><td>Seadusest tuleneva kohustuse t\u00e4itmine<\/td><td>E-posti aadress (Andmesubjekt, S\u00fcsteem); Ees- ja perekonnanimi (Andmesubjekt, S\u00fcsteem); Isikukood (Andmesubjekt, S\u00fcsteem); P\u00e4ringu vastus (S\u00fcsteem)<\/td><td>3 aastat vastamisest; 3 aastat intsidendi registreerimisest<\/td><\/tr><tr><td>Aruandlus ametiasutustele<\/td><td>Andmete v\u00e4ljastamine ametiasutustele<\/td><td>Lepingu s\u00f5lmimiseks vajalik andmet\u00f6\u00f6tlus andmesubjekti taotlusel ja lepingu t\u00e4itmine; Seadusest tuleneva kohustuse t\u00e4itmine<\/td><td>Ees- ja perekonnanimi (S\u00fcsteem); Isikukood (S\u00fcsteem)<\/td><td>Andmeid ei s\u00e4ilitata<\/td><\/tr><tr><td>Arveldus<\/td><td>Finantstoimingud<\/td><td>Lepingu s\u00f5lmimiseks vajalik andmet\u00f6\u00f6tlus andmesubjekti taotlusel ja lepingu t\u00e4itmine<\/td><td>Arve andmed (S\u00fcsteem); Arve maksja andmed (Andmesubjekt); Arvelduskonto (S\u00fcsteem); E-posti aadress (S\u00fcsteem)<\/td><td>7 aastat majandustehingu kirjendamisest<\/td><\/tr><tr><td>Infoturbemeetmete rakendamine<\/td><td>Ettev\u00f5tte vara kaitse; Isikute kaitse<\/td><td>\u00d5igustatud huvi (Ettev\u00f5tte varade, sh infovarade kaitse)<\/td><td>E-posti aadress (Andmekandjad (v.a s\u00fcsteemid), S\u00fcsteem); Ees- ja perekonnanimi (Andmekandjad (v.a s\u00fcsteemid), S\u00fcsteem); Elukoha aadress (Andmekandjad (v.a s\u00fcsteemid), S\u00fcsteem); Isikukood (Andmekandjad (v.a s\u00fcsteemid), S\u00fcsteem); Logid (S\u00fcsteem); Telefoninumber (Andmekandjad (v.a s\u00fcsteemid), S\u00fcsteem)<\/td><td>10 aastat logi tekkimisest<\/td><\/tr><tr><td>Isikuandmete haldamine (muutmine, parandamine, kustutamine)<\/td><td>Isikute kaitse<\/td><td>Seadusest tuleneva kohustuse t\u00e4itmine<\/td><td>E-posti aadress (S\u00fcsteem); Ees- ja perekonnanimi (S\u00fcsteem); Isikukood (S\u00fcsteem); Kliendinumber (S\u00fcsteem); Telefoninumber (S\u00fcsteem)<\/td><td>5 aastat broneeringu tegemisest<\/td><\/tr><tr><td>Kliendikontode haldamine<\/td><td>Teenuse osutamine<\/td><td>Lepingu s\u00f5lmimiseks vajalik andmet\u00f6\u00f6tlus andmesubjekti taotlusel ja lepingu t\u00e4itmine<\/td><td>Arve andmed (S\u00fcsteem); E-posti aadress (S\u00fcsteem); Ees- ja perekonnanimi (S\u00fcsteem); Isikukood (S\u00fcsteem); Kliendinumber (S\u00fcsteem)<\/td><td>3 aastat, 6 kuud konto kustutamisest<\/td><\/tr><tr><td>Kliendip\u00f6\u00f6rdumistele vastamine<\/td><td>Klienditeenindus<\/td><td>Lepingu s\u00f5lmimiseks vajalik andmet\u00f6\u00f6tlus andmesubjekti taotlusel ja lepingu t\u00e4itmine<\/td><td>E-posti aadress (S\u00fcsteem); Ees- ja perekonnanimi (S\u00fcsteem); Kliendip\u00f6\u00f6rdumised (Andmesubjekt); Telefoninumber (S\u00fcsteem)<\/td><td>5 aastat, 6 kuud vastamisest<\/td><\/tr><tr><td>Raamatupidamine<\/td><td>Finantstoimingud<\/td><td>Seadusest tuleneva kohustuse t\u00e4itmine<\/td><td>Arve andmed (S\u00fcsteem); Arve maksja andmed (S\u00fcsteem); Arvelduskonto (S\u00fcsteem); E-posti aadress (S\u00fcsteem)<\/td><td>7 aastat majandustehingu kirjendamisest<\/td><\/tr><tr><td>Reklaampakkumiste saatmine<\/td><td>Turundus<\/td><td>Andmesubjekti n\u00f5usolek; \u00d5igustatud huvi (Ettev\u00f5tte k\u00e4ibe kasvatamine)<\/td><td>E-posti aadress (S\u00fcsteem); Ees- ja perekonnanimi (S\u00fcsteem)<\/td><td>Andmeid ei s\u00e4ilitata<\/td><\/tr><tr><td>Tarkvara arendus<\/td><td>Tootearendus<\/td><td>\u00d5igustatud huvi (Ettev\u00f5tte tarkvara toimivuse tagamine, sh arendamine)<\/td><td>E-posti aadress (S\u00fcsteem); Ees- ja perekonnanimi (S\u00fcsteem); Isikukood (S\u00fcsteem); Kliendip\u00f6\u00f6rdumised (S\u00fcsteem)<\/td><td>Andmeid ei s\u00e4ilitata<\/td><\/tr><tr><td>Teavitused kliendile<\/td><td>Klienditeenindus; Klientide rahulolu tagamine<\/td><td>Lepingu s\u00f5lmimiseks vajalik andmet\u00f6\u00f6tlus andmesubjekti taotlusel ja lepingu t\u00e4itmine; \u00d5igustatud huvi (Kliendi rahulolu tagamine)<\/td><td>E-posti aadress (S\u00fcsteem); Ees- ja perekonnanimi (S\u00fcsteem); Telefoninumber (S\u00fcsteem)<\/td><td>Andmeid ei s\u00e4ilitata<\/td><\/tr><tr><td>Teenuse aktiveerimine<\/td><td>Teenuse osutamine<\/td><td>Lepingu s\u00f5lmimiseks vajalik andmet\u00f6\u00f6tlus andmesubjekti taotlusel ja lepingu t\u00e4itmine<\/td><td>E-posti aadress (Andmesubjekt); Ees- ja perekonnanimi (Andmesubjekt); Isikukood (Andmesubjekt); Kliendinumber (S\u00fcsteem)<\/td><td>3 aastat, 6 kuud lepingu l\u00f5petamisest<\/td><\/tr><tr><td>Teenuse toimivuse tagamine<\/td><td>Teenuse osutamine<\/td><td>Lepingu s\u00f5lmimiseks vajalik andmet\u00f6\u00f6tlus andmesubjekti taotlusel ja lepingu t\u00e4itmine<\/td><td>Arve andmed (S\u00fcsteem); Lepingu andmed (S\u00fcsteem)<\/td><td>3 aastat, 6 kuud lepingu l\u00f5petamisest<\/td><\/tr><tr><td>Vestlusakna vestluste salvestamine<\/td><td>Klienditeenindus; Klientide rahulolu tagamine<\/td><td>\u00d5igustatud huvi (Kliendi rahulolu tagamine, Ettev\u00f5tte \u00f5iguste kaitse)<\/td><td>Vestlusakna vestlused (S\u00fcsteem)<\/td><td>6 kuud salvestamisest<\/td><\/tr><tr><td>V\u00f5lgnevuste sissen\u00f5udmine<\/td><td>Ettev\u00f5tte huvide kaitse<\/td><td>\u00d5igustatud huvi (Ettev\u00f5tte \u00f5iguste kaitse, Kahjude v\u00e4ltimine)<\/td><td>E-posti aadress (S\u00fcsteem); Ees- ja perekonnanimi (S\u00fcsteem); Isikukood (S\u00fcsteem); V\u00f5lgnevuse info (S\u00fcsteem)<\/td><td>3 aastat, 6 kuud n\u00f5ude sissen\u00f5utavaks muutumisest<\/td><\/tr><\/tbody><\/table><\/figure>\n\n\n\n<p>\u00d5igustatud huvi anal\u00fc\u00fcsidega on v\u00f5imalik tutvuda esitades vastavasisulise p\u00e4ringu:&nbsp;<a href=\"mailto:info@connected.ee\">info@connected.ee<\/a><\/p>\n\n\n\n<p><strong>IV Isikuandmete avaldamine koost\u00f6\u00f6partneritele<\/strong><\/p>\n\n\n\n<p>Meievahelise koost\u00f6\u00f6 raames on vajalik isikuandmete avaldamine v\u00f5i edastamine&nbsp;Connected O\u00dc&nbsp;koost\u00f6\u00f6partneritele, kes on allj\u00e4rgnevad:<\/p>\n\n\n\n<p>Koost\u00f6\u00f6partnerid<\/p>\n\n\n\n<figure class=\"wp-block-table\"><table class=\"has-fixed-layout\"><tbody><tr><td>Andmekaitseteenuse pakkuja<\/td><\/tr><tr><td>M\u00fc\u00fcgiplatvormi pakkuja<\/td><\/tr><tr><td>Pilveteenuse pakkuja<\/td><\/tr><tr><td>Raamatupidamisteenuse pakkuja<\/td><\/tr><tr><td>Serverilahenduse pakkuja<\/td><\/tr><tr><td>Sideteenuse pakkuja<\/td><\/tr><tr><td>Tehnoloogiapartner<\/td><\/tr><tr><td>T\u00f6\u00f6haldustarkvara pakkuja<\/td><\/tr><\/tbody><\/table><\/figure>\n\n\n\n<p>Koost\u00f6\u00f6partneritel on \u00f5igus isikuandmeid t\u00f6\u00f6delda \u00fcksnes ulatuses, mis on talle vajalik, et t\u00e4ita m\u00e4\u00e4ratud eesm\u00e4rke. Koost\u00f6\u00f6partnerid peavad j\u00e4rgima&nbsp;Connected O\u00dc&nbsp;n\u00f5udeid isikuandmete t\u00f6\u00f6tlemise osas.<\/p>\n\n\n\n<p><strong>V Andmete edastamine kolmandas riigis asuvale koost\u00f6\u00f6partnerile<\/strong><\/p>\n\n\n\n<p>Meievahelise koost\u00f6\u00f6 raames on vajalik isikuandmete edastamine kolmandas riigis asuvatele&nbsp;Connected O\u00dc&nbsp;koost\u00f6\u00f6partneritele, mist\u00f5ttu rakendame allj\u00e4rgnevaid kaitsemeetmeid:<\/p>\n\n\n\n<figure class=\"wp-block-table\"><table class=\"has-fixed-layout\"><thead><tr><td><strong>Partneri kategooria<\/strong><\/td><td><strong>P\u00f5hiline tegevuskoht<\/strong><\/td><td><strong>Kohaldatavad kaitsemeetmed<\/strong><\/td><\/tr><\/thead><tbody><tr><td>Tehnoloogiapartner<\/td><td>Ameerika \u00dchendriigid<\/td><td>EU komisjoni kaitse piisavuse otsus (sh EU-US Data Privacy Framework)<\/td><\/tr><tr><td>Pilveteenuse pakkuja<\/td><td>Ameerika \u00dchendriigid<\/td><td>EU komisjoni kaitse piisavuse otsus (sh EU-US Data Privacy Framework)<\/td><\/tr><tr><td>T\u00f6\u00f6haldustarkvara pakkuja<\/td><td>Austraalia<\/td><td>Sertifitseerimise mehhanismid<\/td><\/tr><tr><td>T\u00f6\u00f6haldustarkvara pakkuja<\/td><td>Ameerika \u00dchendriigid<\/td><td>EU komisjoni kaitse piisavuse otsus (sh EU-US Data Privacy Framework)<\/td><\/tr><\/tbody><\/table><\/figure>\n\n\n\n<p>T\u00e4iendavate kaitsemeetmete kohta saate lisainfot esitades vastavasisulise p\u00e4ringu:&nbsp;<a href=\"mailto:info@connected.ee\">info@connected.ee<\/a><\/p>\n\n\n\n<p><strong>VI Profiilianal\u00fc\u00fcs sh automaatsed otsused<\/strong><\/p>\n\n\n\n<p>Me ei teosta Teie osas profiilianal\u00fc\u00fcsi ja\/v\u00f5i automaatseid otsuseid.<\/p>\n\n\n\n<p><strong>VII Sinu \u00f5igused<\/strong><\/p>\n\n\n\n<p>Teil on&nbsp;\u00f5igus saada teavet&nbsp;andmet\u00f6\u00f6tluse tingimuste kohta.&nbsp;Connected O\u00dc&nbsp;teeb Teile andmet\u00f6\u00f6tluse tingimused k\u00e4ttesaadavaks k\u00e4esoleva dokumendi v\u00f5i vastava p\u00f6\u00f6rdumise alusel.<\/p>\n\n\n\n<p>Teil on&nbsp;\u00f5igus tutvuda&nbsp;isikuandmete kaitse \u00fcldm\u00e4\u00e4ruse&nbsp;<a href=\"https:\/\/eur-lex.europa.eu\/legal-content\/ET\/TXT\/?uri=CELEX:32016R0679#d1e2501-1-1\" target=\"_blank\" rel=\"noreferrer noopener\">artikkel 15<\/a>&nbsp;punktides 1 ja 2 nimetatud teabega. Teeme Teile \u00fcldm\u00e4\u00e4ruses nimetatud teabe k\u00e4ttesaadavaks k\u00e4esoleva dokumendi ja\/v\u00f5i vastavasisulise p\u00f6\u00f6rdumise alusel, mille saate esitada:&nbsp;<a href=\"mailto:info@connected.ee\">info@connected.ee<\/a><\/p>\n\n\n\n<p>Teil on&nbsp;\u00f5igus n\u00f5uda isikuandmete parandamist. Saate andmeid parandada, saates vastavasisulise p\u00f6\u00f6rdumise:&nbsp;<a href=\"mailto:info@connected.ee\">info@connected.ee<\/a><\/p>\n\n\n\n<p>Teil on&nbsp;\u00f5igus isikuandmete kustutamisele&nbsp;(\u201e\u00f5igus olla unustatud\u201c). Teil on \u00f5igus n\u00f5uda, et Teie isikuandmed kustutaks, seda n\u00e4iteks siis, kui olete tagasi v\u00f5tnud n\u00f5usoleku andmete t\u00f6\u00f6tlemiseks ning puudub muu \u00f5iguslik alus Teie andmete t\u00f6\u00f6tlemiseks.<\/p>\n\n\n\n<p>Teil on&nbsp;\u00f5igus isikuandmete t\u00f6\u00f6tlemise piiramisele. Teil on \u00f5igus n\u00f5uda isikuandmete t\u00f6\u00f6tlemise piiramist juhul, kui isikuandmete t\u00f6\u00f6tlemine ei ole seaduse alusel lubatud v\u00f5i kui Te vaidlustate isikuandmete \u00f5igsuse. Teil on \u00f5igus n\u00f5uda isikuandmete t\u00f6\u00f6tlemise piiramist ajaks, mis v\u00f5imaldab meil isikuandmete \u00f5igsust kontrollida v\u00f5i kui isikuandmete t\u00f6\u00f6tlemine on ebaseaduslik, kuid Te ei taotle isikuandmete kustutamist.<\/p>\n\n\n\n<p>Teil on&nbsp;\u00f5igus saada Teid puudutavaid isikuandmeid, mida olete meile esitanud ning \u00f5igus edastada need andmed teisele vastutavale t\u00f6\u00f6tlejale (andmete \u00fclekandmise \u00f5igus).<\/p>\n\n\n\n<p>Teil on&nbsp;\u00f5igus esitada igal ajal vastuv\u00e4iteid&nbsp;Teid puudutavate isikuandmete t\u00f6\u00f6tlemise suhtes, mis on vajalik \u00f5igustatud huvi korral, sealhulgas \u00f5igustatud huvile tugineva profiilianal\u00fc\u00fcsi suhtes.<\/p>\n\n\n\n<p>Teil on&nbsp;\u00f5igus p\u00f6\u00f6rduda kaebusega&nbsp;meie, Andmekaitse Inspektsiooni v\u00f5i kohtu poole, kui leiate, et Teie \u00f5igusi on isikuandmete t\u00f6\u00f6tlemisel rikutud. Andmekaitse Inspektsiooni kontaktid leiate nende kodulehelt:&nbsp;<a href=\"https:\/\/aki.ee\/\" target=\"_blank\" rel=\"noreferrer noopener\">https:\/\/aki.ee<\/a><\/p>\n\n\n\n<p>Sooviavalduse v\u00f5i vastuv\u00e4itega saate p\u00f6\u00f6rduda meie poole:&nbsp;<a href=\"mailto:info@connected.ee\">info@connected.ee<\/a>. Vastame Teile hiljemalt \u00fche kuu jooksul p\u00e4rast sooviavalduse v\u00f5i vastuv\u00e4ite saamist. V\u00f5ime vajaduse korral seda ajavahemikku pikendada kahe kuu v\u00f5rra, v\u00f5ttes arvesse sooviavalduse v\u00f5i vastuv\u00e4ite keerukust ja hulka. Sellisel juhul teavitame Teid vastuse esitamise t\u00e4htaja pikendamisest ja viivituse p\u00f5hjustest \u00fche kuu jooksul alates Teie sooviavalduse v\u00f5i vastuv\u00e4ite saamisest. Teie elektroonilise p\u00e4ringu saamisel vastame Teile samuti elektrooniliselt, v.a juhul, kui eelistate muud vastuse saamise viisi.<\/p>\n\n\n\n<p>Meil on \u00f5igus j\u00e4tta Teie \u00f5iguste realiseerimise sooviavaldus rahuldamata juhul, kui me ei suuda Teid andmesubjektina tuvastada.<\/p>\n\n\n\n<p>Kui me ei rakenda meetmeid vastavalt Teie sooviavaldusele v\u00f5i vastuv\u00e4itele, teavitame Teid sellest hiljemalt \u00fche kuu jooksul alates Teie sooviavalduse v\u00f5i vastuv\u00e4ite saamisest meetmete v\u00f5tmata j\u00e4tmise p\u00f5hjustest ning selgitame Teile v\u00f5imalust esitada kaebus j\u00e4relevalveasutustele ning kasutada \u00f5iguskaitsevahendeid.<\/p>\n\n\n\n<p><strong>VIII Muud tingimused<\/strong><\/p>\n\n\n\n<p>Connected O\u00dc&nbsp;omab \u00f5igust tingimusi igal ajal ajakohastada, t\u00e4psustada ja t\u00e4iendada, l\u00e4htudes muudatustest \u00f5igusaktides ja isikuandmete t\u00f6\u00f6tlemises.<\/p>\n\n\n\n<p>Viimati uuendatud: 16.12.2025 13:40:40<\/p>\n\n\n\n<p><\/p>\n\n\n\n<p><\/p>\n","protected":false},"excerpt":{"rendered":"<p>Privaatsusteated Connected O\u00dc&nbsp;on isikuandmete vastutav t\u00f6\u00f6tleja. J\u00e4rgnevalt selgitame, kuidas Teie kui andmesubjekti isikuandmete t\u00f6\u00f6tlemine toimub. Isikuandmete t\u00f6\u00f6tlemisel l\u00e4htume isikuandmete kaitse \u00fcldm\u00e4\u00e4rusest ja v\u00f5imalikest eriseadustest. Meie andmekaitsekontakt on:&nbsp;Marek Kullas&nbsp;(info@connected.ee) I M\u00f5isted Selleks, et privaatsusteated oleks Teile arusaadavad ja m\u00f5istetavad, selgitame Teile m\u00f5ningaid olulisemaid privaatsusteadetes kasutatud m\u00f5isteid: Connected O\u00dc&nbsp;tagab isikuandmete t\u00f6\u00f6tlemise seaduslikkuse ja peab isikuandmete konfidentsiaalsena hoidmist &hellip; <a href=\"https:\/\/connected.orgo.ee\/en\/privaatsustingimused\/\">Continued<\/a><\/p>\n","protected":false},"author":1,"featured_media":0,"parent":0,"menu_order":0,"comment_status":"closed","ping_status":"open","template":"","meta":{"_acf_changed":false,"footnotes":""},"class_list":["post-686","page","type-page","status-publish","hentry"],"acf":[],"_links":{"self":[{"href":"https:\/\/connected.orgo.ee\/en\/wp-json\/wp\/v2\/pages\/686","targetHints":{"allow":["GET"]}}],"collection":[{"href":"https:\/\/connected.orgo.ee\/en\/wp-json\/wp\/v2\/pages"}],"about":[{"href":"https:\/\/connected.orgo.ee\/en\/wp-json\/wp\/v2\/types\/page"}],"author":[{"embeddable":true,"href":"https:\/\/connected.orgo.ee\/en\/wp-json\/wp\/v2\/users\/1"}],"replies":[{"embeddable":true,"href":"https:\/\/connected.orgo.ee\/en\/wp-json\/wp\/v2\/comments?post=686"}],"version-history":[{"count":2,"href":"https:\/\/connected.orgo.ee\/en\/wp-json\/wp\/v2\/pages\/686\/revisions"}],"predecessor-version":[{"id":722,"href":"https:\/\/connected.orgo.ee\/en\/wp-json\/wp\/v2\/pages\/686\/revisions\/722"}],"wp:attachment":[{"href":"https:\/\/connected.orgo.ee\/en\/wp-json\/wp\/v2\/media?parent=686"}],"curies":[{"name":"wp","href":"https:\/\/api.w.org\/{rel}","templated":true}]}}